{"id":10,"date":"2019-11-07T15:48:04","date_gmt":"2019-11-07T14:48:04","guid":{"rendered":"http:\/\/obmat.es\/?page_id=10"},"modified":"2025-09-11T09:32:22","modified_gmt":"2025-09-11T07:32:22","slug":"nuestros-clientes","status":"publish","type":"page","link":"http:\/\/obmat.es\/en\/nuestros-clientes\/","title":{"rendered":"Production resources"},"content":{"rendered":"<div style=\"background-image: url('http:\/\/obmat.es\/wp-content\/uploads\/2019\/11\/logo-agua1.jpg'); background-position: center; background-repeat: no-repeat; background-size: 35%;\">\r\n<ul>\r\n<li><span style=\"text-decoration: underline; font-weight: bold;\">Productive resources<\/span>\r\n<ul>\r\n<li>Vertical lathe up to 6m in diameter<\/li>\r\n<li>3-axis milling machine with bench up to 6m in diameter<\/li>\r\n<li>5-axis milling machine with bench up to 12m<\/li>\r\n<li>2 m diameter horizontal lathe<\/li>\r\n<li>Vertical CNC lathes from 1.8m to 4m in diameter<\/li>\r\n<\/ul>\r\n<\/li>\r\n<li><span style=\"text-decoration: underline; font-weight: bold;\">Measuring equipment:<\/span>\r\n<ul>\r\n<li>Laser tracker Leica AT901-LR<\/li>\r\n<li>10ft headlight arm<\/li>\r\n<\/ul>\r\n<\/li>\r\n<li><span style=\"text-decoration: underline; font-weight: bold;\">Other equipment:<\/span>\r\n<ul>\r\n<li>Hoop storage tool<\/li>\r\n<li>Transport tool up to 6m<\/li>\r\n<li>10 ton crane bridge<\/li>\r\n<\/ul>\r\n<\/li>\r\n<\/ul>\r\n<\/div>","protected":false},"excerpt":{"rendered":"<p>Medios productivos Torno vertical de hasta 6m de di\u00e1metro Fresadora de 3 ejes con bancada de hasta 6m de di\u00e1metro Fresadora de 5 ejes con bancada de hasta 12m Torno horizontal de 2 m de di\u00e1metro Tornos CNC verticales de 1,8m hasta 4m de di\u00e1metro Equipos de medici\u00f3n: Laser tracker Leica AT901-LR Brazo de faro de 10ft Otros equipos: \u00datil<\/p>","protected":false},"author":1,"featured_media":0,"parent":0,"menu_order":0,"comment_status":"closed","ping_status":"closed","template":"","meta":{"footnotes":""},"class_list":["post-10","page","type-page","status-publish","hentry"],"_links":{"self":[{"href":"http:\/\/obmat.es\/en\/wp-json\/wp\/v2\/pages\/10","targetHints":{"allow":["GET"]}}],"collection":[{"href":"http:\/\/obmat.es\/en\/wp-json\/wp\/v2\/pages"}],"about":[{"href":"http:\/\/obmat.es\/en\/wp-json\/wp\/v2\/types\/page"}],"author":[{"embeddable":true,"href":"http:\/\/obmat.es\/en\/wp-json\/wp\/v2\/users\/1"}],"replies":[{"embeddable":true,"href":"http:\/\/obmat.es\/en\/wp-json\/wp\/v2\/comments?post=10"}],"version-history":[{"count":10,"href":"http:\/\/obmat.es\/en\/wp-json\/wp\/v2\/pages\/10\/revisions"}],"predecessor-version":[{"id":111,"href":"http:\/\/obmat.es\/en\/wp-json\/wp\/v2\/pages\/10\/revisions\/111"}],"wp:attachment":[{"href":"http:\/\/obmat.es\/en\/wp-json\/wp\/v2\/media?parent=10"}],"curies":[{"name":"wp","href":"https:\/\/api.w.org\/{rel}","templated":true}]}}