{"id":12,"date":"2019-11-07T15:48:04","date_gmt":"2019-11-07T14:48:04","guid":{"rendered":"http:\/\/obmat.es\/?page_id=12"},"modified":"2025-09-11T09:32:22","modified_gmt":"2025-09-11T07:32:22","slug":"conatcto","status":"publish","type":"page","link":"http:\/\/obmat.es\/en\/conatcto\/","title":{"rendered":"Contact"},"content":{"rendered":"<p>Mail: <span style=\"font-weight: bold;\">obmat@obmat.es<\/span><br \/>\nDirector: <span style=\"font-weight: bold;\">Jose Carlos Fern\u00e1ndez Mart\u00ednez<\/span><br \/>\nTfn:<span style=\"font-weight: bold;\"> +34699910119<\/span><br \/>\nAddress:<span style=\"font-weight: bold;\"> C\/ San Juan de la Cruz n\u00ba 2 Edif INNPAR <\/span><br \/>\n<span style=\"font-weight: bold;\">28223 Pozuelo de Alarc\u00f3n<\/span><br \/>\n<span style=\"font-weight: bold;\">Madrid Espa\u00f1a<\/span><br \/>\n<div id=\"wpgmza_map\" class=\"wpgmza_map\" data-settings='{\"id\":\"1\",\"map_title\":\"Mi primer mapa\",\"map_width\":\"100\",\"map_height\":\"400\",\"map_start_lat\":\"40.431543\",\"map_start_lng\":\"-3.816353\",\"map_start_location\":\"40.431543,-3.8163529999999355\",\"map_start_zoom\":\"12\",\"default_marker\":\"0\",\"type\":\"1\",\"alignment\":\"2\",\"directions_enabled\":\"1\",\"styling_enabled\":\"0\",\"styling_json\":\"\",\"active\":\"0\",\"kml\":\"\",\"bicycle\":\"0\",\"traffic\":\"0\",\"dbox\":\"1\",\"dbox_width\":\"100\",\"listmarkers\":\"0\",\"listmarkers_advanced\":\"0\",\"filterbycat\":\"0\",\"ugm_enabled\":\"0\",\"ugm_category_enabled\":\"0\",\"fusion\":\"\",\"map_width_type\":\"\\\\%\",\"map_height_type\":\"px\",\"mass_marker_support\":\"1\",\"ugm_access\":\"0\",\"order_markers_by\":\"1\",\"order_markers_choice\":\"2\",\"show_user_location\":\"0\",\"default_to\":\"\",\"other_settings\":{\"store_locator_enabled\":2,\"store_locator_distance\":2,\"store_locator_default_radius\":10,\"store_locator_not_found_message\":\"No results found in this location. Please try again.\",\"store_locator_bounce\":1,\"store_locator_query_string\":\"ZIP \\\/ C\\u00f3digo Postal \\\/ Direcci\\u00f3n\",\"store_locator_default_address\":\"\",\"wpgmza_store_locator_restrict\":\"\",\"wpgmza_store_locator_radius_style\":\"modern\",\"map_max_zoom\":\"1\",\"transport_layer\":0,\"wpgmza_theme_data\":\"\",\"wpgmza_show_points_of_interest\":1,\"wpgmza_auto_night\":0}}' data-map-id='1' data-maps-engine='google-maps' data-shortcode-attributes='{\"id\":\"1\"}' style=\"display:block; overflow:auto; width:100%; height:400px; float:left;\"><\/div><\/p>","protected":false},"excerpt":{"rendered":"<p>Correo electr\u00f3nico: obmat@obmat.es Director: Jose Carlos Fern\u00e1ndez Mart\u00ednez Tfno: +34699910119 Direcci\u00f3n: C\/ San Juan de la Cruz n\u00ba 2 Edif INNPAR 28223 Pozuelo de Alarc\u00f3n Madrid Espa\u00f1a<\/p>","protected":false},"author":1,"featured_media":0,"parent":0,"menu_order":0,"comment_status":"closed","ping_status":"closed","template":"","meta":{"footnotes":""},"class_list":["post-12","page","type-page","status-publish","hentry"],"_links":{"self":[{"href":"http:\/\/obmat.es\/en\/wp-json\/wp\/v2\/pages\/12","targetHints":{"allow":["GET"]}}],"collection":[{"href":"http:\/\/obmat.es\/en\/wp-json\/wp\/v2\/pages"}],"about":[{"href":"http:\/\/obmat.es\/en\/wp-json\/wp\/v2\/types\/page"}],"author":[{"embeddable":true,"href":"http:\/\/obmat.es\/en\/wp-json\/wp\/v2\/users\/1"}],"replies":[{"embeddable":true,"href":"http:\/\/obmat.es\/en\/wp-json\/wp\/v2\/comments?post=12"}],"version-history":[{"count":10,"href":"http:\/\/obmat.es\/en\/wp-json\/wp\/v2\/pages\/12\/revisions"}],"predecessor-version":[{"id":112,"href":"http:\/\/obmat.es\/en\/wp-json\/wp\/v2\/pages\/12\/revisions\/112"}],"wp:attachment":[{"href":"http:\/\/obmat.es\/en\/wp-json\/wp\/v2\/media?parent=12"}],"curies":[{"name":"wp","href":"https:\/\/api.w.org\/{rel}","templated":true}]}}