{"id":49,"date":"2019-11-07T16:28:15","date_gmt":"2019-11-07T15:28:15","guid":{"rendered":"http:\/\/obmat.es\/?page_id=49"},"modified":"2025-09-11T09:32:22","modified_gmt":"2025-09-11T07:32:22","slug":"inicio","status":"publish","type":"page","link":"http:\/\/obmat.es\/en\/","title":{"rendered":"Home"},"content":{"rendered":"<div style=\"background-image: url('http:\/\/obmat.es\/wp-content\/uploads\/2019\/11\/logo-agua1.jpg'); background-position: center; background-repeat: no-repeat; background-size: 50%;\">\n<p style=\"font-weight: bold;\">ORGANIZATION CONTEXT<\/p>\n<p style=\"text-align: justify;\">The activity carried out by the manufacturing division of<span style=\"font-weight: bold;\"> OBMAT DESARROLLOS E INVERSIONES, S. L.<\/span> is the <span style=\"font-weight: bold;\">\"Manufacture by machining large hoops\"<\/span> and we are located in the west of the Community of Madrid.<\/p>\n<p style=\"text-align: justify;\"><span style=\"font-weight: bold;\">OBMAT DESARROLLOS E INVERSIONES, S. L.<\/span> is a company that since its origin has been providing services as an auxiliary company in machining.<\/p>\n<p style=\"text-align: justify;\">For this division, <span style=\"font-weight: bold;\">OBMAT DESARROLLOS E INVERSIONES, S. L.<\/span>has suppliers of special processes for the execution of heat treatments, surface treatments and any special process that requires the parts requested by our customers and that cannot be manufactured through the means that we have.<\/p>\n<p style=\"text-align: justify;\">Once this activity has been defined and developed,<span style=\"font-weight: bold;\"> OBMAT DESARROLLOS E INVERSIONES, S. L. <\/span>has chosen to consolidate and become a place in precision machining due to the needs existing in the sector, so it has invested in C.N.C. more sophisticated at the moment with the first CAD \/ CAM systems and three-dimensional measuring equipment, being a benchmark in the field of machining.<\/p>\n<p style=\"text-align: justify;\">From its beginning until today,<span style=\"font-weight: bold;\"> OBMAT DESARROLLOS E INVERSIONES, S. L. <\/span>has opted for the High Quality of its manufactured products to achieve maximum customer satisfaction, which belong to leading sectors.<\/p>\n<\/div>","protected":false},"excerpt":{"rendered":"<p>CONTEXTO DE LA ORGANIZACI\u00d3N La actividad desarrollada por la divisi\u00f3n de fabricaci\u00f3n de OBMAT DESARROLLOS E INVERSIONES, S. L. es la \u201cFabricaci\u00f3n por mecanizado de aros de grandes dimensiones\u201d y estamos ubicados en la zona oeste de la Comunidad de Madrid. OBMAT DESARROLLOS E INVERSIONES, S. L. es una empresa que desde su origen lleva prestando servicios como una empresa<\/p>","protected":false},"author":1,"featured_media":0,"parent":0,"menu_order":0,"comment_status":"closed","ping_status":"closed","template":"","meta":{"footnotes":""},"class_list":["post-49","page","type-page","status-publish","hentry"],"_links":{"self":[{"href":"http:\/\/obmat.es\/en\/wp-json\/wp\/v2\/pages\/49","targetHints":{"allow":["GET"]}}],"collection":[{"href":"http:\/\/obmat.es\/en\/wp-json\/wp\/v2\/pages"}],"about":[{"href":"http:\/\/obmat.es\/en\/wp-json\/wp\/v2\/types\/page"}],"author":[{"embeddable":true,"href":"http:\/\/obmat.es\/en\/wp-json\/wp\/v2\/users\/1"}],"replies":[{"embeddable":true,"href":"http:\/\/obmat.es\/en\/wp-json\/wp\/v2\/comments?post=49"}],"version-history":[{"count":8,"href":"http:\/\/obmat.es\/en\/wp-json\/wp\/v2\/pages\/49\/revisions"}],"predecessor-version":[{"id":107,"href":"http:\/\/obmat.es\/en\/wp-json\/wp\/v2\/pages\/49\/revisions\/107"}],"wp:attachment":[{"href":"http:\/\/obmat.es\/en\/wp-json\/wp\/v2\/media?parent=49"}],"curies":[{"name":"wp","href":"https:\/\/api.w.org\/{rel}","templated":true}]}}