{"id":54,"date":"2019-11-29T11:30:51","date_gmt":"2019-11-29T10:30:51","guid":{"rendered":"http:\/\/obmat.es\/?page_id=54"},"modified":"2025-09-11T09:32:22","modified_gmt":"2025-09-11T07:32:22","slug":"politica-de-calidad","status":"publish","type":"page","link":"http:\/\/obmat.es\/en\/politica-de-calidad\/","title":{"rendered":"Quality policy"},"content":{"rendered":"<div style=\"background-image:url(http:\/\/obmat.es\/wp-content\/uploads\/2019\/11\/logo-agua1.jpg); background-position:center; background-repeat:no-repeat;background-size:50%\">\n<p style=\"font-weight: bold; text-decoration:underline\">QUALITY POLICY ANNEX 3 of the MGC Edition: 00 Date: 01.07.2019<\/p>\n<p style=\"text-align:justify\"> Quality is for us the only valid argument that contributes to the satisfaction of our customers on which the company is based, and that allows us to make industrial innovations, given that our profitability is reinvested in the company. <\/p>\n<p style=\"text-align:justify\">We believe that obtaining Quality is the task of all of us who integrate the company, its operation resides in the daily work of each one in a coordinated and coherent way. The objective is to ensure that we all carry out our work under an orderly system according to established systems, which will lead us to a better functioning and the achievement of the objectives set. <\/p>\n<ul>\n<li> Increase customer satisfaction, attending to complaints and claims.<\/li>\n<li>Reduction of internal and external rejections.<\/li>\n<li> Compliance with the specifications and objectives of our customers. <\/li>\n<li> Compliance with applicable safety and regulatory standards. <\/li>\n<li>Have suppliers with optimal levels of quality. <\/li>\n<li>Compliance with improvement plans and planned objectives.<\/li>\n<li>Compliance with training plans and improvement of staff qualification. <\/li>\n<li>Continuous improvement of processes and management systems. <\/li>\n<\/ul>\n<p>&nbsp;<\/p>\n<p style=\"font-weight: bold\">Jos\u00e9 Carlos Fern\u00e1ndez<\/p>\n<p style=\"font-weight: bold\"> Management July 1, 2019 <\/p>\n<\/div>","protected":false},"excerpt":{"rendered":"<p>POL\u00cdTICA DE CALIDAD ANEXO 3 del MGC Edici\u00f3n: 00 Fecha: 01.07.2019 La Calidad es para nosotros el \u00fanico argumento v\u00e1lido que contribuye a la satisfacci\u00f3n de nuestros clientes por los cuales se sustenta la empresa, y que nos permite hacer innovaciones industriales, dado que nuestra rentabilidad la reinvertimos en la empresa. Pensamos que la obtenci\u00f3n de la Calidad es tarea<\/p>","protected":false},"author":1,"featured_media":0,"parent":0,"menu_order":0,"comment_status":"closed","ping_status":"closed","template":"","meta":{"footnotes":""},"class_list":["post-54","page","type-page","status-publish","hentry"],"_links":{"self":[{"href":"http:\/\/obmat.es\/en\/wp-json\/wp\/v2\/pages\/54","targetHints":{"allow":["GET"]}}],"collection":[{"href":"http:\/\/obmat.es\/en\/wp-json\/wp\/v2\/pages"}],"about":[{"href":"http:\/\/obmat.es\/en\/wp-json\/wp\/v2\/types\/page"}],"author":[{"embeddable":true,"href":"http:\/\/obmat.es\/en\/wp-json\/wp\/v2\/users\/1"}],"replies":[{"embeddable":true,"href":"http:\/\/obmat.es\/en\/wp-json\/wp\/v2\/comments?post=54"}],"version-history":[{"count":5,"href":"http:\/\/obmat.es\/en\/wp-json\/wp\/v2\/pages\/54\/revisions"}],"predecessor-version":[{"id":96,"href":"http:\/\/obmat.es\/en\/wp-json\/wp\/v2\/pages\/54\/revisions\/96"}],"wp:attachment":[{"href":"http:\/\/obmat.es\/en\/wp-json\/wp\/v2\/media?parent=54"}],"curies":[{"name":"wp","href":"https:\/\/api.w.org\/{rel}","templated":true}]}}