{"id":9,"date":"2019-11-07T15:48:04","date_gmt":"2019-11-07T14:48:04","guid":{"rendered":"http:\/\/obmat.es\/?page_id=9"},"modified":"2025-09-11T09:32:22","modified_gmt":"2025-09-11T07:32:22","slug":"nuestro-trabajo","status":"publish","type":"page","link":"http:\/\/obmat.es\/en\/nuestro-trabajo\/","title":{"rendered":"Our experience"},"content":{"rendered":"<div style=\"background-image: url('http:\/\/obmat.es\/wp-content\/uploads\/2019\/11\/logo-agua1.jpg'); background-position: center; background-repeat: no-repeat; background-size: 28%;\">\n<p style=\"text-align: justify;\">We provide our customers with comprehensive solutions from the reception of blank forged parts to manufacturing engineering, turning, milling, verification, surface treatments, hardness testing and delivery.<\/p>\n<p>The following are some of the space programs in which we have participated:<\/p>\n<ul>\n<li style=\"text-align: justify;\">Ariane 5 VEB (Vehicle Equipment Bay rings. 2 models: 4 metres and 5.5 metres in diameter)<\/li>\n<li style=\"text-align: justify;\">Exomars (2 metres in diameter)<\/li>\n<li style=\"text-align: justify;\">Vega (1 metre and 3 metres in diameter)<\/li>\n<li style=\"text-align: justify;\">Vespa<\/li>\n<li style=\"text-align: justify;\">ISA400: RUAG<\/li>\n<\/ul>\n<\/div>","protected":false},"excerpt":{"rendered":"<p>Brindamos a nuestros clientes soluciones integrales desde la recepci\u00f3n de piezas forjadas en blanco hasta la ingenier\u00eda de fabricaci\u00f3n, torneado, fresado, verificaci\u00f3n, tratamientos de superficie, pruebas de dureza y entrega. Los siguientes son algunos de los programas espaciales en los que hemos participado: Ariane 5 VEB (Vehicle Equipment Bay rings. 2 models: 4 metres and 5.5 metres in diameter) Exomars<\/p>","protected":false},"author":1,"featured_media":0,"parent":0,"menu_order":0,"comment_status":"closed","ping_status":"closed","template":"","meta":{"footnotes":""},"class_list":["post-9","page","type-page","status-publish","hentry"],"_links":{"self":[{"href":"http:\/\/obmat.es\/en\/wp-json\/wp\/v2\/pages\/9","targetHints":{"allow":["GET"]}}],"collection":[{"href":"http:\/\/obmat.es\/en\/wp-json\/wp\/v2\/pages"}],"about":[{"href":"http:\/\/obmat.es\/en\/wp-json\/wp\/v2\/types\/page"}],"author":[{"embeddable":true,"href":"http:\/\/obmat.es\/en\/wp-json\/wp\/v2\/users\/1"}],"replies":[{"embeddable":true,"href":"http:\/\/obmat.es\/en\/wp-json\/wp\/v2\/comments?post=9"}],"version-history":[{"count":9,"href":"http:\/\/obmat.es\/en\/wp-json\/wp\/v2\/pages\/9\/revisions"}],"predecessor-version":[{"id":114,"href":"http:\/\/obmat.es\/en\/wp-json\/wp\/v2\/pages\/9\/revisions\/114"}],"wp:attachment":[{"href":"http:\/\/obmat.es\/en\/wp-json\/wp\/v2\/media?parent=9"}],"curies":[{"name":"wp","href":"https:\/\/api.w.org\/{rel}","templated":true}]}}